{"id":2876,"date":"2020-12-19T17:04:51","date_gmt":"2020-12-19T16:04:51","guid":{"rendered":"https:\/\/hillsidesplendor.cz\/soubory-cookies\/"},"modified":"2026-03-06T17:25:02","modified_gmt":"2026-03-06T16:25:02","slug":"cookies","status":"publish","type":"page","link":"https:\/\/hillsidesplendor.cz\/en\/cookies\/","title":{"rendered":"Cookies"},"content":{"rendered":"\t\t<div data-elementor-type=\"wp-page\" data-elementor-id=\"2876\" class=\"elementor elementor-2876 elementor-116\" data-elementor-post-type=\"page\">\n\t\t\t\t\t\t<section class=\"ob-is-breaking-bad elementor-section elementor-top-section elementor-element elementor-element-0d02229 elementor-section-stretched elementor-section-boxed elementor-section-height-default elementor-section-height-default\" data-id=\"0d02229\" data-element_type=\"section\" data-e-type=\"section\" data-settings=\"{&quot;stretch_section&quot;:&quot;section-stretched&quot;,&quot;_ob_bbad_use_it&quot;:&quot;yes&quot;,&quot;_ob_bbad_sssic_use&quot;:&quot;no&quot;,&quot;_ob_glider_is_slider&quot;:&quot;no&quot;}\">\n\t\t\t\t\t\t<div class=\"elementor-container elementor-column-gap-wider\">\n\t\t\t\t\t<div class=\"elementor-column elementor-col-100 elementor-top-column elementor-element elementor-element-90d2aaa\" data-id=\"90d2aaa\" data-element_type=\"column\" data-e-type=\"column\" data-settings=\"{&quot;_ob_bbad_is_stalker&quot;:&quot;no&quot;,&quot;_ob_teleporter_use&quot;:false,&quot;_ob_column_hoveranimator&quot;:&quot;no&quot;,&quot;_ob_column_has_pseudo&quot;:&quot;no&quot;}\">\n\t\t\t<div class=\"elementor-widget-wrap elementor-element-populated\">\n\t\t\t\t\t\t<div class=\"elementor-element elementor-element-c1391c6 elementor-widget-divider--view-line elementor-widget elementor-widget-divider\" data-id=\"c1391c6\" data-element_type=\"widget\" data-e-type=\"widget\" data-settings=\"{&quot;motion_fx_motion_fx_scrolling&quot;:&quot;yes&quot;,&quot;motion_fx_translateX_effect&quot;:&quot;yes&quot;,&quot;motion_fx_translateX_direction&quot;:&quot;negative&quot;,&quot;motion_fx_translateX_speed&quot;:{&quot;unit&quot;:&quot;px&quot;,&quot;size&quot;:10,&quot;sizes&quot;:[]},&quot;motion_fx_translateX_affectedRange&quot;:{&quot;unit&quot;:&quot;%&quot;,&quot;size&quot;:&quot;&quot;,&quot;sizes&quot;:{&quot;start&quot;:0,&quot;end&quot;:100}},&quot;motion_fx_devices&quot;:[&quot;desktop&quot;,&quot;tablet&quot;,&quot;mobile&quot;],&quot;_ob_allow_hoveranimator&quot;:&quot;no&quot;,&quot;_ob_widget_stalker_use&quot;:&quot;no&quot;}\" data-widget_type=\"divider.default\">\n\t\t\t\t<div class=\"elementor-widget-container\">\n\t\t\t\t\t\t\t<div class=\"elementor-divider\">\n\t\t\t<span class=\"elementor-divider-separator\">\n\t\t\t\t\t\t<\/span>\n\t\t<\/div>\n\t\t\t\t\t\t<\/div>\n\t\t\t\t<\/div>\n\t\t\t\t<div class=\"elementor-element elementor-element-768a81a ob-harakiri-inherit elementor-widget elementor-widget-text-editor\" data-id=\"768a81a\" data-element_type=\"widget\" data-e-type=\"widget\" data-settings=\"{&quot;_ob_use_harakiri&quot;:&quot;yes&quot;,&quot;_ob_harakiri_writing_mode&quot;:&quot;inherit&quot;,&quot;_ob_postman_use&quot;:&quot;no&quot;,&quot;_ob_allow_hoveranimator&quot;:&quot;no&quot;,&quot;_ob_widget_stalker_use&quot;:&quot;no&quot;}\" data-widget_type=\"text-editor.default\">\n\t\t\t\t<div class=\"elementor-widget-container\">\n\t\t\t\t\t\t\t\t\t<p>Websites operated by<strong>\u00a0<\/strong><strong>Skalska, s.r.o.<\/strong>, VATIN: <strong>09307281<\/strong>,\u00a0TIN: <strong>CZ09307281<\/strong>, se s\u00eddlem Na Vinohradech 186, 267 01 Kr\u00e1l\u016fv Dv\u016fr \u2013 K\u0159i\u017eatky, store files, generally called cookies, on the equipment of website users in accordance with valid and effective legal regulations. The purpose of this short text is to briefly inform users about cookies that may be stored on users\u2019 devices in connection with their use.<\/p><div class=\"cky-audit-table-element\">\u00a0<\/div><h2>What are cookies?<\/h2><p>Cookies are short text files that a visited website sends to your browser, allowing the website to record information about your visit. When the user later returns to the same website, the browser sends the stored cookie back and the server retrieves all the information it has previously stored with you. This makes cookies easier to use the website. Thanks to cookies, the relevant server knows, for example, what language settings you have chosen, what login details you have to pre-fill, whether you are logged in to your email account or social network or what items were in your shopping cart. Cookies are currently also used for targeted advertising and marketing.<\/p><h3>What are cookies?<\/h3><p>Basic (technical) cookies \u2013 these cookies ensure the correct functionality of the website and during the visit to the website they help to display it correctly, without them the website would not work properly or their functionality would be limited;<\/p><p><strong>Functional cookies<\/strong>\u00a0\u2013 these cookies allow the website to remember your choices or the current state of the site (eg language selection or other preferences), thus improving the functionality of the site. These cookies can also remember changes in font size, font and other parts of the website as customized by the user. The information collected through these cookies does not track your activities when you visit other websites. In order to detect repeated visits to the website and display the website as set by the user, they cannot be deleted after the session is closed (browser closed), but remain stored on the device;<\/p><p><strong>Operational cookies<\/strong>\u00a0\u2013 the information collected through these cookies is primarily used to better understand how the website is used and to optimize the website. Using these cookies, it is possible to find out which parts of the website the user clicked on, what content of the website was displayed, the number of visits;<\/p><p><strong>Advertising cookies<\/strong>\u00a0\u2013 these cookies collect information about your search habits and accordingly target advertising messages relevant to your interests and your person. These cookies are used in order to better target advertising to users. They are also used to limit the number of advertising messages per user and streamline advertising campaigns. These cookies are usually placed on the website by third parties with the consent of the website operator. Cookies remember that the user visited the site and then share this information with other entities. Very often, these cookies are associated with the functionality of the site provided by another entity (eg Google);<\/p><p><strong>Third-party cookies<\/strong>\u00a0\u2013 if the website contains content from other websites (eg Facebook, Youtube, etc.), or uses third-party marketing analysis or targeting tools (eg Google tools), these third-party cookies may be stored . These third parties are then responsible for storing these cookies, the displayed website has no control over them. The website uses all the above types of cookies. The content of third parties (Facebook, WhatsApp) is placed on this website, so cookies may be stored by these third parties. The cookies stored directly by the Website are anonymous and cannot be used to identify a specific person.<\/p><p>The Website Operator has no control over the storage of cookies by third parties and is not responsible for them, for more information on the storage of cookies and their use, please contact these third parties directly (Facebook, Google).<\/p><p>Websites also use Google Analytics, a Google analytics tool that helps website and application owners understand how visitors use the site and application. In addition to reporting site usage statistics, data from Google can be used to show you more relevant ads. These tools may use a set of cookies to collect information and report on your use of the website without Google knowing any personally identifiable information about each visitor.<\/p><h3>\u00a0<\/h3><h3><span class=\"VIiyi\" lang=\"en\"><span class=\"JLqJ4b ChMk0b\" data-language-for-alternatives=\"en\" data-language-to-translate-into=\"cs\" data-phrase-index=\"0\" data-number-of-phrases=\"6\">How to Prevent Cookies?<\/span><\/span><\/h3><p><span class=\"VIiyi\" lang=\"en\"><span class=\"JLqJ4b ChMk0b\" data-language-for-alternatives=\"en\" data-language-to-translate-into=\"cs\" data-phrase-index=\"2\" data-number-of-phrases=\"6\">The storage and use of cookies can be prevented by setting your web browser.<\/span>\u00a0<span class=\"JLqJ4b ChMk0b\" data-language-for-alternatives=\"en\" data-language-to-translate-into=\"cs\" data-phrase-index=\"3\" data-number-of-phrases=\"6\">You can block cookies in general or for individual websites, or you can set the deletion of cookies after closing the browser.<\/span>\u00a0<span class=\"JLqJ4b ChMk0b\" data-language-for-alternatives=\"en\" data-language-to-translate-into=\"cs\" data-phrase-index=\"4\" data-number-of-phrases=\"6\">Each browser has different settings, so you can find more information about the settings on the support website of the browser you use (eg settings for Chrome can be found\u00a0<a href=\"https:\/\/support.google.com\/accounts\/answer\/61416?co=GENIE.Platform%3DDesktop&amp;hl=en\" target=\"_blank\" rel=\"noopener\">here<\/a>, for the Mozilla browser\u00a0<a href=\"https:\/\/support.mozilla.org\/en-US\/kb\/how-clear-firefox-cache\" target=\"_blank\" rel=\"noopener\">here<\/a>).<\/span>\u00a0<span class=\"JLqJ4b ChMk0b\" data-language-for-alternatives=\"en\" data-language-to-translate-into=\"cs\" data-phrase-index=\"5\" data-number-of-phrases=\"6\">If you do not set cookies to be blocked in the browser, the Website, as well as third parties, will store cookies.<\/span><\/span><\/p><ul class=\"wp-block-list\"><li><a href=\"https:\/\/support.google.com\/chrome\/answer\/95647?hl=en\" target=\"_blank\" rel=\"noreferrer noopener\">Google Chrome<\/a><\/li><li><a href=\"https:\/\/support.mozilla.org\/en-US\/kb\/block-websites-storing-cookies-site-data-firefox\" target=\"_blank\" rel=\"noreferrer noopener\">Firefox<\/a><\/li><li><a href=\"https:\/\/support.microsoft.com\/en-us\/microsoft-edge\/delete-cookies-in-microsoft-edge-63947406-40ac-c3b8-57b9-2a946a29ae09\" target=\"_blank\" rel=\"noreferrer noopener\">Microsoft Edge<\/a><\/li><li><a href=\"https:\/\/support.apple.com\/en-us\/guide\/safari\/sfri11471\/mac\" target=\"_blank\" rel=\"noreferrer noopener\">Safari<\/a><\/li><li><a href=\"https:\/\/help.opera.com\/en\/latest\/web-preferences\/#cookies\" target=\"_blank\" rel=\"noreferrer noopener\">Opera<\/a><\/li><li><a href=\"https:\/\/napoveda.seznam.cz\/cz\/email\/seznam.cz-prohlizec\/smazani-docasnych-souboru-cookies-seznam\/\" target=\"_blank\" rel=\"noreferrer noopener\">Seznam<\/a><\/li><\/ul>\t\t\t\t\t\t\t\t<\/div>\n\t\t\t\t<\/div>\n\t\t\t\t<div class=\"elementor-element elementor-element-e149844 cky-banner-element is-style-fill elementor-widget elementor-widget-button\" data-id=\"e149844\" data-element_type=\"widget\" data-e-type=\"widget\" data-settings=\"{&quot;_ob_butterbutton_use_it&quot;:&quot;no&quot;,&quot;_ob_allow_hoveranimator&quot;:&quot;no&quot;,&quot;_ob_widget_stalker_use&quot;:&quot;no&quot;}\" data-widget_type=\"button.default\">\n\t\t\t\t<div class=\"elementor-widget-container\">\n\t\t\t\t\t\t\t\t\t<div class=\"elementor-button-wrapper\">\n\t\t\t\t\t<a class=\"elementor-button elementor-button-link elementor-size-sm\" href=\"#\">\n\t\t\t\t\t\t<span class=\"elementor-button-content-wrapper\">\n\t\t\t\t\t\t\t\t\t<span class=\"elementor-button-text\">Cookie settings \u00bb<\/span>\n\t\t\t\t\t<\/span>\n\t\t\t\t\t<\/a>\n\t\t\t\t<\/div>\n\t\t\t\t\t\t\t\t<\/div>\n\t\t\t\t<\/div>\n\t\t\t\t\t<\/div>\n\t\t<\/div>\n\t\t\t\t\t<\/div>\n\t\t<\/section>\n\t\t\t\t<\/div>\n\t\t","protected":false},"excerpt":{"rendered":"<p>Websites operated by\u00a0Skalska, s.r.o., VATIN: 09307281,\u00a0TIN: CZ09307281, se s\u00eddlem Na Vinohradech 186, 267 01 Kr\u00e1l\u016fv Dv\u016fr \u2013 K\u0159i\u017eatky, store files, generally called cookies, on the equipment of website users in accordance with valid and effective legal regulations. The purpose of this short text is to briefly inform users about cookies that may be stored on [&hellip;]<\/p>\n","protected":false},"author":1,"featured_media":0,"parent":0,"menu_order":0,"comment_status":"closed","ping_status":"closed","template":"","meta":{"footnotes":""},"class_list":["post-2876","page","type-page","status-publish","hentry"],"yoast_head":"<!-- This site is optimized with the Yoast SEO plugin v27.1.1 - https:\/\/yoast.com\/product\/yoast-seo-wordpress\/ -->\n<title>Cookies | Hillside Splendor<\/title>\n<meta name=\"robots\" content=\"noindex, nofollow\" \/>\n<meta property=\"og:locale\" content=\"en_US\" \/>\n<meta property=\"og:type\" content=\"article\" \/>\n<meta property=\"og:title\" content=\"Cookies | Hillside Splendor\" \/>\n<meta property=\"og:description\" content=\"Websites operated by\u00a0Skalska, s.r.o., VATIN: 09307281,\u00a0TIN: CZ09307281, se s\u00eddlem Na Vinohradech 186, 267 01 Kr\u00e1l\u016fv Dv\u016fr \u2013 K\u0159i\u017eatky, store files, generally called cookies, on the equipment of website users in accordance with valid and effective legal regulations. The purpose of this short text is to briefly inform users about cookies that may be stored on [&hellip;]\" \/>\n<meta property=\"og:url\" content=\"https:\/\/hillsidesplendor.cz\/en\/cookies\/\" \/>\n<meta property=\"og:site_name\" content=\"Hillside Splendor\" \/>\n<meta property=\"article:publisher\" content=\"https:\/\/www.facebook.com\/Skalska.design\" \/>\n<meta property=\"article:modified_time\" content=\"2026-03-06T16:25:02+00:00\" \/>\n<meta name=\"twitter:card\" content=\"summary_large_image\" \/>\n<meta name=\"twitter:label1\" content=\"Est. reading time\" \/>\n\t<meta name=\"twitter:data1\" content=\"4 minutes\" \/>\n<script type=\"application\/ld+json\" class=\"yoast-schema-graph\">{\"@context\":\"https:\/\/schema.org\",\"@graph\":[{\"@type\":\"WebPage\",\"@id\":\"https:\/\/hillsidesplendor.cz\/en\/cookies\/\",\"url\":\"https:\/\/hillsidesplendor.cz\/en\/cookies\/\",\"name\":\"Cookies | Hillside Splendor\",\"isPartOf\":{\"@id\":\"https:\/\/hillsidesplendor.cz\/en\/#website\"},\"datePublished\":\"2020-12-19T16:04:51+00:00\",\"dateModified\":\"2026-03-06T16:25:02+00:00\",\"breadcrumb\":{\"@id\":\"https:\/\/hillsidesplendor.cz\/en\/cookies\/#breadcrumb\"},\"inLanguage\":\"en-US\",\"potentialAction\":[{\"@type\":\"ReadAction\",\"target\":[\"https:\/\/hillsidesplendor.cz\/en\/cookies\/\"]}]},{\"@type\":\"BreadcrumbList\",\"@id\":\"https:\/\/hillsidesplendor.cz\/en\/cookies\/#breadcrumb\",\"itemListElement\":[{\"@type\":\"ListItem\",\"position\":1,\"name\":\"Dom\u016f\",\"item\":\"https:\/\/hillsidesplendor.cz\/en\/\"},{\"@type\":\"ListItem\",\"position\":2,\"name\":\"Cookies\"}]},{\"@type\":\"WebSite\",\"@id\":\"https:\/\/hillsidesplendor.cz\/en\/#website\",\"url\":\"https:\/\/hillsidesplendor.cz\/en\/\",\"name\":\"Hillside Splendor\",\"description\":\"Skalska Design Luxury Home\",\"publisher\":{\"@id\":\"https:\/\/hillsidesplendor.cz\/en\/#organization\"},\"potentialAction\":[{\"@type\":\"SearchAction\",\"target\":{\"@type\":\"EntryPoint\",\"urlTemplate\":\"https:\/\/hillsidesplendor.cz\/en\/?s={search_term_string}\"},\"query-input\":{\"@type\":\"PropertyValueSpecification\",\"valueRequired\":true,\"valueName\":\"search_term_string\"}}],\"inLanguage\":\"en-US\"},{\"@type\":\"Organization\",\"@id\":\"https:\/\/hillsidesplendor.cz\/en\/#organization\",\"name\":\"Skalska Design\",\"url\":\"https:\/\/hillsidesplendor.cz\/en\/\",\"logo\":{\"@type\":\"ImageObject\",\"inLanguage\":\"en-US\",\"@id\":\"https:\/\/hillsidesplendor.cz\/en\/#\/schema\/logo\/image\/\",\"url\":\"https:\/\/hillsidesplendor.cz\/wp-content\/uploads\/2021\/06\/skalskadesign-hillsidesplendor-logo-512.png\",\"contentUrl\":\"https:\/\/hillsidesplendor.cz\/wp-content\/uploads\/2021\/06\/skalskadesign-hillsidesplendor-logo-512.png\",\"width\":512,\"height\":512,\"caption\":\"Skalska Design\"},\"image\":{\"@id\":\"https:\/\/hillsidesplendor.cz\/en\/#\/schema\/logo\/image\/\"},\"sameAs\":[\"https:\/\/www.facebook.com\/Skalska.design\",\"https:\/\/www.instagram.com\/skalska.design\/\"]}]}<\/script>\n<!-- \/ Yoast SEO plugin. -->","yoast_head_json":{"title":"Cookies | Hillside Splendor","robots":{"index":"noindex","follow":"nofollow"},"og_locale":"en_US","og_type":"article","og_title":"Cookies | Hillside Splendor","og_description":"Websites operated by\u00a0Skalska, s.r.o., VATIN: 09307281,\u00a0TIN: CZ09307281, se s\u00eddlem Na Vinohradech 186, 267 01 Kr\u00e1l\u016fv Dv\u016fr \u2013 K\u0159i\u017eatky, store files, generally called cookies, on the equipment of website users in accordance with valid and effective legal regulations. The purpose of this short text is to briefly inform users about cookies that may be stored on [&hellip;]","og_url":"https:\/\/hillsidesplendor.cz\/en\/cookies\/","og_site_name":"Hillside Splendor","article_publisher":"https:\/\/www.facebook.com\/Skalska.design","article_modified_time":"2026-03-06T16:25:02+00:00","twitter_card":"summary_large_image","twitter_misc":{"Est. reading time":"4 minutes"},"schema":{"@context":"https:\/\/schema.org","@graph":[{"@type":"WebPage","@id":"https:\/\/hillsidesplendor.cz\/en\/cookies\/","url":"https:\/\/hillsidesplendor.cz\/en\/cookies\/","name":"Cookies | Hillside Splendor","isPartOf":{"@id":"https:\/\/hillsidesplendor.cz\/en\/#website"},"datePublished":"2020-12-19T16:04:51+00:00","dateModified":"2026-03-06T16:25:02+00:00","breadcrumb":{"@id":"https:\/\/hillsidesplendor.cz\/en\/cookies\/#breadcrumb"},"inLanguage":"en-US","potentialAction":[{"@type":"ReadAction","target":["https:\/\/hillsidesplendor.cz\/en\/cookies\/"]}]},{"@type":"BreadcrumbList","@id":"https:\/\/hillsidesplendor.cz\/en\/cookies\/#breadcrumb","itemListElement":[{"@type":"ListItem","position":1,"name":"Dom\u016f","item":"https:\/\/hillsidesplendor.cz\/en\/"},{"@type":"ListItem","position":2,"name":"Cookies"}]},{"@type":"WebSite","@id":"https:\/\/hillsidesplendor.cz\/en\/#website","url":"https:\/\/hillsidesplendor.cz\/en\/","name":"Hillside Splendor","description":"Skalska Design Luxury Home","publisher":{"@id":"https:\/\/hillsidesplendor.cz\/en\/#organization"},"potentialAction":[{"@type":"SearchAction","target":{"@type":"EntryPoint","urlTemplate":"https:\/\/hillsidesplendor.cz\/en\/?s={search_term_string}"},"query-input":{"@type":"PropertyValueSpecification","valueRequired":true,"valueName":"search_term_string"}}],"inLanguage":"en-US"},{"@type":"Organization","@id":"https:\/\/hillsidesplendor.cz\/en\/#organization","name":"Skalska Design","url":"https:\/\/hillsidesplendor.cz\/en\/","logo":{"@type":"ImageObject","inLanguage":"en-US","@id":"https:\/\/hillsidesplendor.cz\/en\/#\/schema\/logo\/image\/","url":"https:\/\/hillsidesplendor.cz\/wp-content\/uploads\/2021\/06\/skalskadesign-hillsidesplendor-logo-512.png","contentUrl":"https:\/\/hillsidesplendor.cz\/wp-content\/uploads\/2021\/06\/skalskadesign-hillsidesplendor-logo-512.png","width":512,"height":512,"caption":"Skalska Design"},"image":{"@id":"https:\/\/hillsidesplendor.cz\/en\/#\/schema\/logo\/image\/"},"sameAs":["https:\/\/www.facebook.com\/Skalska.design","https:\/\/www.instagram.com\/skalska.design\/"]}]}},"_links":{"self":[{"href":"https:\/\/hillsidesplendor.cz\/en\/wp-json\/wp\/v2\/pages\/2876","targetHints":{"allow":["GET"]}}],"collection":[{"href":"https:\/\/hillsidesplendor.cz\/en\/wp-json\/wp\/v2\/pages"}],"about":[{"href":"https:\/\/hillsidesplendor.cz\/en\/wp-json\/wp\/v2\/types\/page"}],"author":[{"embeddable":true,"href":"https:\/\/hillsidesplendor.cz\/en\/wp-json\/wp\/v2\/users\/1"}],"replies":[{"embeddable":true,"href":"https:\/\/hillsidesplendor.cz\/en\/wp-json\/wp\/v2\/comments?post=2876"}],"version-history":[{"count":0,"href":"https:\/\/hillsidesplendor.cz\/en\/wp-json\/wp\/v2\/pages\/2876\/revisions"}],"wp:attachment":[{"href":"https:\/\/hillsidesplendor.cz\/en\/wp-json\/wp\/v2\/media?parent=2876"}],"curies":[{"name":"wp","href":"https:\/\/api.w.org\/{rel}","templated":true}]}}